{"id":95,"date":"2017-08-23T14:16:31","date_gmt":"2017-08-23T12:16:31","guid":{"rendered":"http:\/\/www.clinicadentalstudio.com\/?page_id=95"},"modified":"2017-08-30T12:45:32","modified_gmt":"2017-08-30T10:45:32","slug":"tratamientos","status":"publish","type":"page","link":"http:\/\/www.clinicadentalstudio.com\/?page_id=95","title":{"rendered":"Tratamientos"},"content":{"rendered":"<h3>TRATAMIENTOS REALIZADOS EN:<\/h3>\n<p>ODONTOLOG\u00cdA CONSERVADORA<\/p>\n<p>ENDODONCIA<\/p>\n<p>EST\u00c9TICA<\/p>\n<p>IMPLANTOLOG\u00cdA<\/p>\n<p>CIRUG\u00cdA ORAL<\/p>\n<p>PERIODONCIA<\/p>\n<p>PROSTODONCIA<\/p>\n<p>ORTODONCIA<\/p>\n<p>ODONTOPEDIATR\u00cdA<\/p>\n<p>&nbsp;<\/p>\n<h4><a href=\"http:\/\/www.clinicadentalstudio.com\/?p=121\">SERVICIO DE ENDODONCIA ESPECIALIZADA<\/a><\/h4>\n<h4><a href=\"http:\/\/www.clinicadentalstudio.com\/?page_id=159\">SERVICIO DE RADIOLOG\u00cdA 3D. CBCT<\/a><\/h4>\n<h4><a href=\"http:\/\/www.clinicadentalstudio.com\/?page_id=162\">SERVICIO DE PR\u00d3TESIS CAD-CAM<\/a><\/h4>\n<p>&nbsp;<\/p>\n<p>&nbsp;<\/p>\n","protected":false},"excerpt":{"rendered":"<p>TRATAMIENTOS REALIZADOS EN: ODONTOLOG\u00cdA CONSERVADORA ENDODONCIA EST\u00c9TICA IMPLANTOLOG\u00cdA CIRUG\u00cdA ORAL PERIODONCIA PROSTODONCIA ORTODONCIA ODONTOPEDIATR\u00cdA &nbsp; SERVICIO DE ENDODONCIA ESPECIALIZADA SERVICIO DE RADIOLOG\u00cdA 3D. CBCT SERVICIO DE PR\u00d3TESIS CAD-CAM &nbsp; &nbsp;<\/p>\n","protected":false},"author":1,"featured_media":0,"parent":0,"menu_order":0,"comment_status":"closed","ping_status":"closed","template":"","meta":[],"_links":{"self":[{"href":"http:\/\/www.clinicadentalstudio.com\/index.php?rest_route=\/wp\/v2\/pages\/95"}],"collection":[{"href":"http:\/\/www.clinicadentalstudio.com\/index.php?rest_route=\/wp\/v2\/pages"}],"about":[{"href":"http:\/\/www.clinicadentalstudio.com\/index.php?rest_route=\/wp\/v2\/types\/page"}],"author":[{"embeddable":true,"href":"http:\/\/www.clinicadentalstudio.com\/index.php?rest_route=\/wp\/v2\/users\/1"}],"replies":[{"embeddable":true,"href":"http:\/\/www.clinicadentalstudio.com\/index.php?rest_route=%2Fwp%2Fv2%2Fcomments&post=95"}],"version-history":[{"count":5,"href":"http:\/\/www.clinicadentalstudio.com\/index.php?rest_route=\/wp\/v2\/pages\/95\/revisions"}],"predecessor-version":[{"id":164,"href":"http:\/\/www.clinicadentalstudio.com\/index.php?rest_route=\/wp\/v2\/pages\/95\/revisions\/164"}],"wp:attachment":[{"href":"http:\/\/www.clinicadentalstudio.com\/index.php?rest_route=%2Fwp%2Fv2%2Fmedia&parent=95"}],"curies":[{"name":"wp","href":"https:\/\/api.w.org\/{rel}","templated":true}]}}