{"id":162,"date":"2017-08-30T12:45:01","date_gmt":"2017-08-30T10:45:01","guid":{"rendered":"http:\/\/www.clinicadentalstudio.com\/?page_id=162"},"modified":"2017-08-30T12:45:13","modified_gmt":"2017-08-30T10:45:13","slug":"servicio-de-protesis-cad-cam","status":"publish","type":"page","link":"http:\/\/www.clinicadentalstudio.com\/?page_id=162","title":{"rendered":"Servicio de pr\u00f3tesis CAD-CAM"},"content":{"rendered":"<p>La primera cl\u00ednica de la ciudad en tener esta tecnolog\u00eda que nos permite realizar las pr\u00f3tesis en la misma visita, en aproximadamente 30 min. Si eres dentista o vienes de otra consulta puedes solicitar este servicio y aprovechar las ventajas de la tecnolog\u00eda CAD-CAM.<\/p>\n","protected":false},"excerpt":{"rendered":"<p>La primera cl\u00ednica de la ciudad en tener esta tecnolog\u00eda que nos permite realizar las pr\u00f3tesis en la misma visita, en aproximadamente 30 min. Si eres dentista o vienes de otra consulta puedes solicitar este servicio y aprovechar las ventajas de la tecnolog\u00eda CAD-CAM.<\/p>\n","protected":false},"author":1,"featured_media":110,"parent":95,"menu_order":0,"comment_status":"closed","ping_status":"closed","template":"","meta":[],"_links":{"self":[{"href":"http:\/\/www.clinicadentalstudio.com\/index.php?rest_route=\/wp\/v2\/pages\/162"}],"collection":[{"href":"http:\/\/www.clinicadentalstudio.com\/index.php?rest_route=\/wp\/v2\/pages"}],"about":[{"href":"http:\/\/www.clinicadentalstudio.com\/index.php?rest_route=\/wp\/v2\/types\/page"}],"author":[{"embeddable":true,"href":"http:\/\/www.clinicadentalstudio.com\/index.php?rest_route=\/wp\/v2\/users\/1"}],"replies":[{"embeddable":true,"href":"http:\/\/www.clinicadentalstudio.com\/index.php?rest_route=%2Fwp%2Fv2%2Fcomments&post=162"}],"version-history":[{"count":1,"href":"http:\/\/www.clinicadentalstudio.com\/index.php?rest_route=\/wp\/v2\/pages\/162\/revisions"}],"predecessor-version":[{"id":163,"href":"http:\/\/www.clinicadentalstudio.com\/index.php?rest_route=\/wp\/v2\/pages\/162\/revisions\/163"}],"up":[{"embeddable":true,"href":"http:\/\/www.clinicadentalstudio.com\/index.php?rest_route=\/wp\/v2\/pages\/95"}],"wp:featuredmedia":[{"embeddable":true,"href":"http:\/\/www.clinicadentalstudio.com\/index.php?rest_route=\/wp\/v2\/media\/110"}],"wp:attachment":[{"href":"http:\/\/www.clinicadentalstudio.com\/index.php?rest_route=%2Fwp%2Fv2%2Fmedia&parent=162"}],"curies":[{"name":"wp","href":"https:\/\/api.w.org\/{rel}","templated":true}]}}