{"id":159,"date":"2017-08-30T12:41:42","date_gmt":"2017-08-30T10:41:42","guid":{"rendered":"http:\/\/www.clinicadentalstudio.com\/?page_id=159"},"modified":"2017-08-30T13:24:37","modified_gmt":"2017-08-30T11:24:37","slug":"servicio-de-radiologia-3d-cbct","status":"publish","type":"page","link":"http:\/\/www.clinicadentalstudio.com\/?page_id=159","title":{"rendered":"Servicio de Radiolog\u00eda 3D. CBCT"},"content":{"rendered":"<p>Realizamos exploraciones radiol\u00f3gicas 3D de \u00faltima generaci\u00f3n. Damos este servicio tanto a pacientes de la cl\u00ednica como a referidos de otras consultas. La prueba ser\u00e1 proporcionada en un dvd con el software necesario para poder visualizarla en cualquier dispositivo.<\/p>\n","protected":false},"excerpt":{"rendered":"<p>Realizamos exploraciones radiol\u00f3gicas 3D de \u00faltima generaci\u00f3n. Damos este servicio tanto a pacientes de la cl\u00ednica como a referidos de otras consultas. La prueba ser\u00e1 proporcionada en un dvd con el software necesario para poder visualizarla en cualquier dispositivo.<\/p>\n","protected":false},"author":1,"featured_media":109,"parent":95,"menu_order":0,"comment_status":"closed","ping_status":"closed","template":"","meta":[],"_links":{"self":[{"href":"http:\/\/www.clinicadentalstudio.com\/index.php?rest_route=\/wp\/v2\/pages\/159"}],"collection":[{"href":"http:\/\/www.clinicadentalstudio.com\/index.php?rest_route=\/wp\/v2\/pages"}],"about":[{"href":"http:\/\/www.clinicadentalstudio.com\/index.php?rest_route=\/wp\/v2\/types\/page"}],"author":[{"embeddable":true,"href":"http:\/\/www.clinicadentalstudio.com\/index.php?rest_route=\/wp\/v2\/users\/1"}],"replies":[{"embeddable":true,"href":"http:\/\/www.clinicadentalstudio.com\/index.php?rest_route=%2Fwp%2Fv2%2Fcomments&post=159"}],"version-history":[{"count":2,"href":"http:\/\/www.clinicadentalstudio.com\/index.php?rest_route=\/wp\/v2\/pages\/159\/revisions"}],"predecessor-version":[{"id":171,"href":"http:\/\/www.clinicadentalstudio.com\/index.php?rest_route=\/wp\/v2\/pages\/159\/revisions\/171"}],"up":[{"embeddable":true,"href":"http:\/\/www.clinicadentalstudio.com\/index.php?rest_route=\/wp\/v2\/pages\/95"}],"wp:featuredmedia":[{"embeddable":true,"href":"http:\/\/www.clinicadentalstudio.com\/index.php?rest_route=\/wp\/v2\/media\/109"}],"wp:attachment":[{"href":"http:\/\/www.clinicadentalstudio.com\/index.php?rest_route=%2Fwp%2Fv2%2Fmedia&parent=159"}],"curies":[{"name":"wp","href":"https:\/\/api.w.org\/{rel}","templated":true}]}}