{"id":141,"date":"2017-08-30T12:06:33","date_gmt":"2017-08-30T10:06:33","guid":{"rendered":"http:\/\/www.clinicadentalstudio.com\/?page_id=141"},"modified":"2017-08-30T12:06:44","modified_gmt":"2017-08-30T10:06:44","slug":"dr-david-uroz-torres","status":"publish","type":"page","link":"http:\/\/www.clinicadentalstudio.com\/?page_id=141","title":{"rendered":"Dr. David Uroz Torres"},"content":{"rendered":"<p><strong>Licenciado en Odontolog\u00eda por la Universidad de Granada.<\/strong><\/p>\n<p><strong>Experto en Periodoncia e Implantolog\u00eda por la Universidad de Almer\u00eda.<\/strong><\/p>\n<p><strong>Doctor en Odontolog\u00eda por la Universidad de Granada.<\/strong><\/p>\n<p><strong>Ex-Director del Experto Universitario de Endodoncia de la Universidad de Almer\u00eda.<\/strong><\/p>\n<p><strong>Co-Director y Profesor del M\u00e1ster de Endodoncia y Odontolog\u00eda Conservadora de la<\/strong><\/p>\n<p><strong>Universidad Rey Juan Carlos de Madrid.<\/strong><\/p>\n<p><strong>Miembro Titular de la Asociaci\u00f3n Espa\u00f1ola de Endodoncia.<\/strong><\/p>\n<p><strong>Miembro Numerario de la Sociedad Espa\u00f1ola de Odontolog\u00eda Conservadora.<\/strong><\/p>\n<p><strong>Premio a la mejor Comunicaci\u00f3n Oral Cient\u00edfica en el XXIX Congreso AEDE 2008.<\/strong><\/p>\n<p><strong>Premio SEOC al mejor art\u00edculo publicado del a\u00f1o 2010.<\/strong><\/p>\n<p><strong>Diversos art\u00edculos cient\u00edficos publicados en revista internacional de impacto.<\/strong><\/p>\n<p><strong>Revisor cient\u00edfico del International Journal Of Dentistry<\/strong><\/p>\n<p><strong>Dictante de cursos, conferencias y comunicaciones cient\u00edficas en congresos de endodoncia.<\/strong><\/p>\n<p><strong>Presidente del XXXV Congreso Nacional de la Asociaci\u00f3n Espa\u00f1ola de Endodoncia. Granada 2014.<\/strong><\/p>\n<p><strong>Director del Centro de Formaci\u00f3n Odontol\u00f3gica MicroCEOM.<\/strong><\/p>\n","protected":false},"excerpt":{"rendered":"<p>Licenciado en Odontolog\u00eda por la Universidad de Granada. Experto en Periodoncia e Implantolog\u00eda por la Universidad de Almer\u00eda. Doctor en Odontolog\u00eda por la Universidad de Granada. Ex-Director del Experto Universitario de Endodoncia de la Universidad de Almer\u00eda. Co-Director y Profesor del M\u00e1ster de Endodoncia y Odontolog\u00eda Conservadora de la Universidad Rey Juan Carlos de Madrid. [&hellip;]<\/p>\n","protected":false},"author":1,"featured_media":81,"parent":67,"menu_order":0,"comment_status":"closed","ping_status":"closed","template":"","meta":[],"_links":{"self":[{"href":"http:\/\/www.clinicadentalstudio.com\/index.php?rest_route=\/wp\/v2\/pages\/141"}],"collection":[{"href":"http:\/\/www.clinicadentalstudio.com\/index.php?rest_route=\/wp\/v2\/pages"}],"about":[{"href":"http:\/\/www.clinicadentalstudio.com\/index.php?rest_route=\/wp\/v2\/types\/page"}],"author":[{"embeddable":true,"href":"http:\/\/www.clinicadentalstudio.com\/index.php?rest_route=\/wp\/v2\/users\/1"}],"replies":[{"embeddable":true,"href":"http:\/\/www.clinicadentalstudio.com\/index.php?rest_route=%2Fwp%2Fv2%2Fcomments&post=141"}],"version-history":[{"count":1,"href":"http:\/\/www.clinicadentalstudio.com\/index.php?rest_route=\/wp\/v2\/pages\/141\/revisions"}],"predecessor-version":[{"id":142,"href":"http:\/\/www.clinicadentalstudio.com\/index.php?rest_route=\/wp\/v2\/pages\/141\/revisions\/142"}],"up":[{"embeddable":true,"href":"http:\/\/www.clinicadentalstudio.com\/index.php?rest_route=\/wp\/v2\/pages\/67"}],"wp:featuredmedia":[{"embeddable":true,"href":"http:\/\/www.clinicadentalstudio.com\/index.php?rest_route=\/wp\/v2\/media\/81"}],"wp:attachment":[{"href":"http:\/\/www.clinicadentalstudio.com\/index.php?rest_route=%2Fwp%2Fv2%2Fmedia&parent=141"}],"curies":[{"name":"wp","href":"https:\/\/api.w.org\/{rel}","templated":true}]}}