{"id":107,"date":"2017-08-27T20:42:17","date_gmt":"2017-08-27T18:42:17","guid":{"rendered":"http:\/\/www.clinicadentalstudio.com\/?page_id=107"},"modified":"2017-08-27T20:50:13","modified_gmt":"2017-08-27T18:50:13","slug":"tecnologia","status":"publish","type":"page","link":"http:\/\/www.clinicadentalstudio.com\/?page_id=107","title":{"rendered":"Tecnolog\u00eda"},"content":{"rendered":"<p>Probablemente la cl\u00ednica Dental Studio del Dr. David Uroz sea la m\u00e1s avanzada tecnol\u00f3gicamente a nivel de la provincia.<\/p>\n<p>&nbsp;<\/p>\n\n\t\t<style type=\"text\/css\">\n\t\t\t#gallery-1 {\n\t\t\t\tmargin: auto;\n\t\t\t}\n\t\t\t#gallery-1 .gallery-item {\n\t\t\t\tfloat: left;\n\t\t\t\tmargin-top: 10px;\n\t\t\t\ttext-align: center;\n\t\t\t\twidth: 25%;\n\t\t\t}\n\t\t\t#gallery-1 img {\n\t\t\t\tborder: 2px solid #cfcfcf;\n\t\t\t}\n\t\t\t#gallery-1 .gallery-caption {\n\t\t\t\tmargin-left: 0;\n\t\t\t}\n\t\t\t\/* see gallery_shortcode() in wp-includes\/media.php *\/\n\t\t<\/style>\n\t\t<div id='gallery-1' class='gallery galleryid-107 gallery-columns-4 gallery-size-large'><dl class='gallery-item'>\n\t\t\t<dt class='gallery-icon landscape'>\n\t\t\t\t<a href='http:\/\/www.clinicadentalstudio.com\/?attachment_id=108'><img width=\"1024\" height=\"768\" src=\"http:\/\/www.clinicadentalstudio.com\/wp-content\/uploads\/2017\/08\/tecnologia-vanguardia.001-1024x768.jpeg\" class=\"attachment-large size-large no-lazy\" alt=\"\" decoding=\"async\" loading=\"lazy\" aria-describedby=\"gallery-1-108\" srcset=\"http:\/\/www.clinicadentalstudio.com\/wp-content\/uploads\/2017\/08\/tecnologia-vanguardia.001.jpeg 1024w, http:\/\/www.clinicadentalstudio.com\/wp-content\/uploads\/2017\/08\/tecnologia-vanguardia.001-300x225.jpeg 300w, http:\/\/www.clinicadentalstudio.com\/wp-content\/uploads\/2017\/08\/tecnologia-vanguardia.001-768x576.jpeg 768w\" sizes=\"(max-width: 1024px) 100vw, 1024px\" \/><\/a>\n\t\t\t<\/dt>\n\t\t\t\t<dd class='wp-caption-text gallery-caption' id='gallery-1-108'>\n\t\t\t\tMejoramos nuestra precisi\u00f3n.\n\t\t\t\t<\/dd><\/dl><dl class='gallery-item'>\n\t\t\t<dt class='gallery-icon landscape'>\n\t\t\t\t<a href='http:\/\/www.clinicadentalstudio.com\/?attachment_id=109'><img width=\"1024\" height=\"768\" src=\"http:\/\/www.clinicadentalstudio.com\/wp-content\/uploads\/2017\/08\/tecnologia-vanguardia.002-1024x768.jpeg\" class=\"attachment-large size-large no-lazy\" alt=\"\" decoding=\"async\" loading=\"lazy\" aria-describedby=\"gallery-1-109\" srcset=\"http:\/\/www.clinicadentalstudio.com\/wp-content\/uploads\/2017\/08\/tecnologia-vanguardia.002.jpeg 1024w, http:\/\/www.clinicadentalstudio.com\/wp-content\/uploads\/2017\/08\/tecnologia-vanguardia.002-300x225.jpeg 300w, http:\/\/www.clinicadentalstudio.com\/wp-content\/uploads\/2017\/08\/tecnologia-vanguardia.002-768x576.jpeg 768w\" sizes=\"(max-width: 1024px) 100vw, 1024px\" \/><\/a>\n\t\t\t<\/dt>\n\t\t\t\t<dd class='wp-caption-text gallery-caption' id='gallery-1-109'>\n\t\t\t\tExploraciones radiol\u00f3gicas en 3D.\n\t\t\t\t<\/dd><\/dl><dl class='gallery-item'>\n\t\t\t<dt class='gallery-icon landscape'>\n\t\t\t\t<a href='http:\/\/www.clinicadentalstudio.com\/?attachment_id=110'><img width=\"1024\" height=\"768\" src=\"http:\/\/www.clinicadentalstudio.com\/wp-content\/uploads\/2017\/08\/tecnologia-vanguardia.003-1024x768.jpeg\" class=\"attachment-large size-large no-lazy\" alt=\"\" decoding=\"async\" loading=\"lazy\" aria-describedby=\"gallery-1-110\" srcset=\"http:\/\/www.clinicadentalstudio.com\/wp-content\/uploads\/2017\/08\/tecnologia-vanguardia.003.jpeg 1024w, http:\/\/www.clinicadentalstudio.com\/wp-content\/uploads\/2017\/08\/tecnologia-vanguardia.003-300x225.jpeg 300w, http:\/\/www.clinicadentalstudio.com\/wp-content\/uploads\/2017\/08\/tecnologia-vanguardia.003-768x576.jpeg 768w\" sizes=\"(max-width: 1024px) 100vw, 1024px\" \/><\/a>\n\t\t\t<\/dt>\n\t\t\t\t<dd class='wp-caption-text gallery-caption' id='gallery-1-110'>\n\t\t\t\tConfecci\u00f3n de pr\u00f3tesis en una sola visita.\n\t\t\t\t<\/dd><\/dl><dl class='gallery-item'>\n\t\t\t<dt class='gallery-icon landscape'>\n\t\t\t\t<a href='http:\/\/www.clinicadentalstudio.com\/?attachment_id=111'><img width=\"1024\" height=\"768\" src=\"http:\/\/www.clinicadentalstudio.com\/wp-content\/uploads\/2017\/08\/tecnologia-vanguardia.004-1024x768.jpeg\" class=\"attachment-large size-large no-lazy\" alt=\"\" decoding=\"async\" loading=\"lazy\" aria-describedby=\"gallery-1-111\" srcset=\"http:\/\/www.clinicadentalstudio.com\/wp-content\/uploads\/2017\/08\/tecnologia-vanguardia.004.jpeg 1024w, http:\/\/www.clinicadentalstudio.com\/wp-content\/uploads\/2017\/08\/tecnologia-vanguardia.004-300x225.jpeg 300w, http:\/\/www.clinicadentalstudio.com\/wp-content\/uploads\/2017\/08\/tecnologia-vanguardia.004-768x576.jpeg 768w\" sizes=\"(max-width: 1024px) 100vw, 1024px\" \/><\/a>\n\t\t\t<\/dt>\n\t\t\t\t<dd class='wp-caption-text gallery-caption' id='gallery-1-111'>\n\t\t\t\tHerramientas seguras, precisas y conservadoras.\n\t\t\t\t<\/dd><\/dl><br style=\"clear: both\" \/>\n\t\t<\/div>\n\n","protected":false},"excerpt":{"rendered":"<p>Probablemente la cl\u00ednica Dental Studio del Dr. David Uroz sea la m\u00e1s avanzada tecnol\u00f3gicamente a nivel de la provincia. &nbsp;<\/p>\n","protected":false},"author":1,"featured_media":0,"parent":0,"menu_order":0,"comment_status":"closed","ping_status":"closed","template":"","meta":[],"_links":{"self":[{"href":"http:\/\/www.clinicadentalstudio.com\/index.php?rest_route=\/wp\/v2\/pages\/107"}],"collection":[{"href":"http:\/\/www.clinicadentalstudio.com\/index.php?rest_route=\/wp\/v2\/pages"}],"about":[{"href":"http:\/\/www.clinicadentalstudio.com\/index.php?rest_route=\/wp\/v2\/types\/page"}],"author":[{"embeddable":true,"href":"http:\/\/www.clinicadentalstudio.com\/index.php?rest_route=\/wp\/v2\/users\/1"}],"replies":[{"embeddable":true,"href":"http:\/\/www.clinicadentalstudio.com\/index.php?rest_route=%2Fwp%2Fv2%2Fcomments&post=107"}],"version-history":[{"count":4,"href":"http:\/\/www.clinicadentalstudio.com\/index.php?rest_route=\/wp\/v2\/pages\/107\/revisions"}],"predecessor-version":[{"id":115,"href":"http:\/\/www.clinicadentalstudio.com\/index.php?rest_route=\/wp\/v2\/pages\/107\/revisions\/115"}],"wp:attachment":[{"href":"http:\/\/www.clinicadentalstudio.com\/index.php?rest_route=%2Fwp%2Fv2%2Fmedia&parent=107"}],"curies":[{"name":"wp","href":"https:\/\/api.w.org\/{rel}","templated":true}]}}